{"id":203,"date":"2022-10-05T13:14:05","date_gmt":"2022-10-05T13:14:05","guid":{"rendered":"https:\/\/dipiazzaduomo.com\/?page_id=203"},"modified":"2022-11-11T21:04:48","modified_gmt":"2022-11-11T21:04:48","slug":"camere-viaggiatori-single-firenze","status":"publish","type":"page","link":"https:\/\/dipiazzaduomo.com\/it\/camere-viaggiatori-single-firenze\/","title":{"rendered":"Chi viaggia da solo"},"content":{"rendered":"\t\t<div data-elementor-type=\"wp-page\" data-elementor-id=\"203\" class=\"elementor elementor-203\">\n\t\t\t\t\t\t\t\t\t<section class=\"elementor-section elementor-top-section elementor-element elementor-element-16840fe elementor-section-height-min-height elementor-section-boxed elementor-section-height-default elementor-section-items-middle\" data-id=\"16840fe\" data-element_type=\"section\" data-settings=\"{&quot;background_background&quot;:&quot;classic&quot;}\">\n\t\t\t\t\t\t\t<div class=\"elementor-background-overlay\"><\/div>\n\t\t\t\t\t\t\t<div class=\"elementor-container elementor-column-gap-default\">\n\t\t\t\t\t<div class=\"elementor-column elementor-col-100 elementor-top-column elementor-element elementor-element-805949a\" data-id=\"805949a\" data-element_type=\"column\">\n\t\t\t<div class=\"elementor-widget-wrap elementor-element-populated\">\n\t\t\t\t\t\t\t\t<div class=\"elementor-element elementor-element-3ab28c9 elementor-widget elementor-widget-heading\" data-id=\"3ab28c9\" data-element_type=\"widget\" data-widget_type=\"heading.default\">\n\t\t\t\t<div class=\"elementor-widget-container\">\n\t\t\t<style>\/*! elementor - v3.7.6 - 15-09-2022 *\/\n.elementor-heading-title{padding:0;margin:0;line-height:1}.elementor-widget-heading .elementor-heading-title[class*=elementor-size-]>a{color:inherit;font-size:inherit;line-height:inherit}.elementor-widget-heading .elementor-heading-title.elementor-size-small{font-size:15px}.elementor-widget-heading .elementor-heading-title.elementor-size-medium{font-size:19px}.elementor-widget-heading .elementor-heading-title.elementor-size-large{font-size:29px}.elementor-widget-heading .elementor-heading-title.elementor-size-xl{font-size:39px}.elementor-widget-heading .elementor-heading-title.elementor-size-xxl{font-size:59px}<\/style><h1 class=\"elementor-heading-title elementor-size-default\">Chi viaggia da solo<\/h1>\t\t<\/div>\n\t\t\t\t<\/div>\n\t\t\t\t\t<\/div>\n\t\t<\/div>\n\t\t\t\t\t\t\t<\/div>\n\t\t<\/section>\n\t\t\t\t<section class=\"elementor-section elementor-top-section elementor-element elementor-element-3767547 elementor-section-boxed elementor-section-height-default elementor-section-height-default\" data-id=\"3767547\" data-element_type=\"section\">\n\t\t\t\t\t\t<div class=\"elementor-container elementor-column-gap-default\">\n\t\t\t\t\t<div class=\"elementor-column elementor-col-100 elementor-top-column elementor-element elementor-element-e9c56b4\" data-id=\"e9c56b4\" data-element_type=\"column\">\n\t\t\t<div class=\"elementor-widget-wrap elementor-element-populated\">\n\t\t\t\t\t\t\t\t<div class=\"elementor-element elementor-element-82179df elementor-widget elementor-widget-text-editor\" data-id=\"82179df\" data-element_type=\"widget\" data-widget_type=\"text-editor.default\">\n\t\t\t\t<div class=\"elementor-widget-container\">\n\t\t\t<style>\/*! elementor - v3.7.6 - 15-09-2022 *\/\n.elementor-widget-text-editor.elementor-drop-cap-view-stacked .elementor-drop-cap{background-color:#818a91;color:#fff}.elementor-widget-text-editor.elementor-drop-cap-view-framed .elementor-drop-cap{color:#818a91;border:3px solid;background-color:transparent}.elementor-widget-text-editor:not(.elementor-drop-cap-view-default) .elementor-drop-cap{margin-top:8px}.elementor-widget-text-editor:not(.elementor-drop-cap-view-default) .elementor-drop-cap-letter{width:1em;height:1em}.elementor-widget-text-editor .elementor-drop-cap{float:left;text-align:center;line-height:1;font-size:50px}.elementor-widget-text-editor .elementor-drop-cap-letter{display:inline-block}<\/style>\t\t\t\t<blockquote><p>&#8220;<em>Viaggiare da soli non significa sempre essere soli. Il pi\u00f9 delle volte si incontrano persone meravigliose lungo la strada e si creano legami che durano tutta la vita<\/em>&#8220;.<br \/><em>Jacqueline Boone<\/em><\/p><\/blockquote><p dir=\"ltr\">Un <strong>viaggio da soli<\/strong> \u00e8 la cosa pi\u00f9 vicina alla <strong>completa libert\u00e0<\/strong> e un <strong>viaggio da soli a Firenze<\/strong> \u00e8 perfetto. \u00c8 la destinazione giusta per ogni tipo di viaggiatore solitario, sia per chi ha gi\u00e0 avuto esperienza sia per chi \u00e8 alle prime armi. Esplorare Firenze in solitaria vi dar\u00e0 l&#8217;opportunit\u00e0 di <strong>vivere la bellezza della citt\u00e0<\/strong> alle vostre condizioni.<\/p><p dir=\"ltr\">Il nostro <strong><a href=\"https:\/\/dipiazzaduomo.com\/it\/\" target=\"_blank\" rel=\"noopener\">B&amp;B con vista sul Duomo<\/a><\/strong> accoglie anche\u00a0<strong>molti viaggiatori single<\/strong>\u00a0che per le pi\u00f9 disparate motivazioni necessitano di trascorre qualche giorno a Firenze o anche\u00a0<strong>per un periodo pi\u00f9 lungo<\/strong>. La\u00a0<strong>posizione centrale e l&#8217;ottimo wi-fi<\/strong>\u00a0sono tra le caratteristiche pi\u00f9 richieste e, nel nostro caso, pi\u00f9 apprezzate.<\/p><h2 dir=\"ltr\">La posizione\u00a0del Bed and Breakfast di Piazza del Duomo\u00a0permette di raggiungere a piedi qualsiasi luogo del centro<\/h2><p dir=\"ltr\">Per le mete pi\u00f9 lontane si possono prenotare, tramite app e link dedicati, treni, pullman recandosi alla <strong>stazione centrale di Santa Maria Novella, a soli 15 minuti a piedi da noi.<\/strong><\/p><p dir=\"ltr\">Molti viaggiatori single scelgono la nostra location proprio per <strong>vivere come un Fiorentino<\/strong> e al contempo raggiungere ed essere raggiunti facilmente. Uffici postali, banche, negozi, ristoranti e musei sono intorno a voi e <strong>tutto diventa &#8216;a portata di mano&#8217;.\u00a0<\/strong><\/p><h2 class=\"excerpt\">Anche viaggiando da soli potrete cos\u00ec immergervi nella cultura e nella storia della nostra Firenze!<\/h2><p dir=\"ltr\">Pernottare <i>vicino<\/i> <i>alla<\/i> stazione e <i>non alla<\/i> stazione \u00e8 un grande vantaggio. Dopo una giornata di lavoro, di studio o di visita nei musei, poter camminare nelle vie di Firenze o\u00a0<a href=\"https:\/\/www.firenzemadeintuscany.com\/it\/articolo\/i-migliori-aperitivi-di-firenze\/\" target=\"_blank\" rel=\"noopener\"><strong>poter sorseggiare uno spritz<\/strong><\/a>\u00a0in uno dei tanti bar intorno al <a href=\"https:\/\/duomo.firenze.it\/it\/38\/cattedrale-di-santa-maria-del-fiore\" target=\"_blank\" rel=\"noopener\"><strong>Duomo<\/strong><\/a> aggiunge quel qualcosa in pi\u00f9, quella\u00a0<strong><em>joie de vivre<\/em><\/strong>, che difficilmente si pu\u00f2 dimenticare.<\/p><p dir=\"ltr\">La camera\u00a0<strong>&#8220;<a href=\"https:\/\/dipiazzaduomo.com\/it\/rooms\/giotto-letto-singolo\/\" target=\"_blank\" rel=\"noopener\">Giotto<\/a>&#8220;<\/strong>\u00a0e la camera\u00a0<strong>&#8220;<a href=\"https:\/\/dipiazzaduomo.com\/it\/rooms\/da-vinci\/\" target=\"_blank\" rel=\"noopener\">Da Vinci<\/a>&#8220;<\/strong>\u00a0sono tra le pi\u00f9 gettonate nella categoria di chi viaggia da solo, ma vi invitiamo a pernottare in tutte le nostre camere.ar\u00e0<\/p>\t\t\t\t\t\t<\/div>\n\t\t\t\t<\/div>\n\t\t\t\t\t<\/div>\n\t\t<\/div>\n\t\t\t\t\t\t\t<\/div>\n\t\t<\/section>\n\t\t\t\t\t\t\t<\/div>\n\t\t","protected":false},"excerpt":{"rendered":"<p>&#8220;Viaggiare da soli non significa sempre essere soli. Il pi\u00f9 delle volte si incontrano persone meravigliose lungo la strada e si creano legami che durano tutta la vita&#8220;.Jacqueline Boone Un viaggio da soli \u00e8 la cosa pi\u00f9 vicina alla completa libert\u00e0 e un viaggio da soli a Firenze \u00e8 perfetto. \u00c8 la destinazione giusta per [&hellip;]<\/p>\n","protected":false},"author":1,"featured_media":527,"parent":0,"menu_order":19,"comment_status":"closed","ping_status":"closed","template":"","meta":{"footnotes":""},"tags":[5],"class_list":["post-203","page","type-page","status-publish","has-post-thumbnail","hentry","tag-home"],"_links":{"self":[{"href":"https:\/\/dipiazzaduomo.com\/it\/wp-json\/wp\/v2\/pages\/203","targetHints":{"allow":["GET"]}}],"collection":[{"href":"https:\/\/dipiazzaduomo.com\/it\/wp-json\/wp\/v2\/pages"}],"about":[{"href":"https:\/\/dipiazzaduomo.com\/it\/wp-json\/wp\/v2\/types\/page"}],"author":[{"embeddable":true,"href":"https:\/\/dipiazzaduomo.com\/it\/wp-json\/wp\/v2\/users\/1"}],"replies":[{"embeddable":true,"href":"https:\/\/dipiazzaduomo.com\/it\/wp-json\/wp\/v2\/comments?post=203"}],"version-history":[{"count":0,"href":"https:\/\/dipiazzaduomo.com\/it\/wp-json\/wp\/v2\/pages\/203\/revisions"}],"wp:featuredmedia":[{"embeddable":true,"href":"https:\/\/dipiazzaduomo.com\/it\/wp-json\/wp\/v2\/media\/527"}],"wp:attachment":[{"href":"https:\/\/dipiazzaduomo.com\/it\/wp-json\/wp\/v2\/media?parent=203"}],"wp:term":[{"taxonomy":"post_tag","embeddable":true,"href":"https:\/\/dipiazzaduomo.com\/it\/wp-json\/wp\/v2\/tags?post=203"}],"curies":[{"name":"wp","href":"https:\/\/api.w.org\/{rel}","templated":true}]}}